{"id":5062,"date":"2024-09-25T09:52:02","date_gmt":"2024-09-25T09:52:02","guid":{"rendered":"https:\/\/shop.treeclix.com\/treeclix-schnellstart-anleitung\/"},"modified":"2026-01-12T16:10:25","modified_gmt":"2026-01-12T16:10:25","slug":"treeclix-quick-start-guide","status":"publish","type":"page","link":"https:\/\/shop.treeclix.com\/de\/treeclix-quick-start-guide\/","title":{"rendered":"TreeClix Schnellstart-Anleitung"},"content":{"rendered":"\t\t<div data-elementor-type=\"wp-page\" data-elementor-id=\"5062\" class=\"elementor elementor-5062 elementor-36\" data-elementor-post-type=\"page\">\n\t\t\t\t\t\t<section class=\"elementor-section elementor-top-section elementor-element elementor-element-46c4be60 elementor-section-height-min-height elementor-section-boxed elementor-section-height-default elementor-section-items-middle\" data-id=\"46c4be60\" data-element_type=\"section\" data-settings=\"{&quot;background_background&quot;:&quot;classic&quot;}\">\n\t\t\t\t\t\t\t<div class=\"elementor-background-overlay\"><\/div>\n\t\t\t\t\t\t\t<div class=\"elementor-container elementor-column-gap-default\">\n\t\t\t\t\t<div class=\"elementor-column elementor-col-100 elementor-top-column elementor-element elementor-element-6e4805dd\" data-id=\"6e4805dd\" data-element_type=\"column\">\n\t\t\t<div class=\"elementor-widget-wrap elementor-element-populated\">\n\t\t\t\t\t\t<div class=\"elementor-element elementor-element-612a330 elementor-widget elementor-widget-heading\" data-id=\"612a330\" data-element_type=\"widget\" data-widget_type=\"heading.default\">\n\t\t\t\t<div class=\"elementor-widget-container\">\n\t\t\t\t\t<h1 class=\"elementor-heading-title elementor-size-default\">Punktgenaue Anpassung, jede Beratung<\/h1>\t\t\t\t<\/div>\n\t\t\t\t<\/div>\n\t\t\t\t\t<\/div>\n\t\t<\/div>\n\t\t\t\t\t<\/div>\n\t\t<\/section>\n\t\t\t\t<section class=\"elementor-section elementor-top-section elementor-element elementor-element-2c441fa9 elementor-reverse-mobile elementor-section-content-middle elementor-section-boxed elementor-section-height-default elementor-section-height-default\" data-id=\"2c441fa9\" data-element_type=\"section\" data-settings=\"{&quot;background_background&quot;:&quot;classic&quot;}\">\n\t\t\t\t\t\t<div class=\"elementor-container elementor-column-gap-default\">\n\t\t\t\t\t<div class=\"elementor-column elementor-col-33 elementor-top-column elementor-element elementor-element-46727533\" data-id=\"46727533\" data-element_type=\"column\">\n\t\t\t<div class=\"elementor-widget-wrap elementor-element-populated\">\n\t\t\t\t\t\t<div class=\"elementor-element elementor-element-a7617fe elementor-widget elementor-widget-image\" data-id=\"a7617fe\" data-element_type=\"widget\" data-widget_type=\"image.default\">\n\t\t\t\t<div class=\"elementor-widget-container\">\n\t\t\t\t\t\t\t\t\t\t\t\t\t\t\t<img fetchpriority=\"high\" decoding=\"async\" width=\"1200\" height=\"1200\" src=\"https:\/\/shop.treeclix.com\/wp-content\/uploads\/2024\/09\/treeclix-bruin.png\" class=\"attachment-full size-full wp-image-4910\" alt=\"\" srcset=\"https:\/\/shop.treeclix.com\/wp-content\/uploads\/2024\/09\/treeclix-bruin.png 1200w, https:\/\/shop.treeclix.com\/wp-content\/uploads\/2024\/09\/treeclix-bruin-300x300.png 300w, https:\/\/shop.treeclix.com\/wp-content\/uploads\/2024\/09\/treeclix-bruin-1024x1024.png 1024w, https:\/\/shop.treeclix.com\/wp-content\/uploads\/2024\/09\/treeclix-bruin-150x150.png 150w, https:\/\/shop.treeclix.com\/wp-content\/uploads\/2024\/09\/treeclix-bruin-768x768.png 768w, https:\/\/shop.treeclix.com\/wp-content\/uploads\/2024\/09\/treeclix-bruin-600x600.png 600w, https:\/\/shop.treeclix.com\/wp-content\/uploads\/2024\/09\/treeclix-bruin-100x100.png 100w\" sizes=\"(max-width: 1200px) 100vw, 1200px\" \/>\t\t\t\t\t\t\t\t\t\t\t\t\t\t\t<\/div>\n\t\t\t\t<\/div>\n\t\t\t\t\t<\/div>\n\t\t<\/div>\n\t\t\t\t<div class=\"elementor-column elementor-col-66 elementor-top-column elementor-element elementor-element-20aaa76c\" data-id=\"20aaa76c\" data-element_type=\"column\">\n\t\t\t<div class=\"elementor-widget-wrap elementor-element-populated\">\n\t\t\t\t\t\t<div class=\"elementor-element elementor-element-5a475120 elementor-widget elementor-widget-text-editor\" data-id=\"5a475120\" data-element_type=\"widget\" data-widget_type=\"text-editor.default\">\n\t\t\t\t<div class=\"elementor-widget-container\">\n\t\t\t\t\t\t\t\t\t<p style=\"text-align: left;\">Willkommen!  <\/p><p style=\"color: #202020; text-align: left;\"><span style=\"color: #ffffff;\">TreeClix erm\u00f6glicht es Sattlern, die Breite eines Sattelbaums endlos zu verstellen, bis zu drei Gr\u00f6\u00dfen. Kein erh\u00f6htes Risiko mehr f\u00fcr gebrochene Nieten und Kopfeisen durch das Hinein- oder Hinausdr\u00fccken des Baums. Mit nur einem &#8220;Klick&#8221; k\u00f6nnen Sie den Baum perfekt an den aktuellen Zustand des Pferdes anpassen.  <\/span><\/p><p style=\"color: #202020; text-align: left;\"><span style=\"color: #ffffff;\">Als Sattelanpasser wird von Ihnen erwartet, dass sich der Sattel mit dem Pferd ver\u00e4ndert, und sobald er angepasst ist, sollte er wieder perfekt passen. TreeClix macht dies f\u00fcr Sie ein wenig einfacher. Das ist sch\u00f6n, denn der Beruf des Sattelanpassers kann schon schwierig genug sein! <\/span><\/p>\t\t\t\t\t\t\t\t<\/div>\n\t\t\t\t<\/div>\n\t\t\t\t\t<\/div>\n\t\t<\/div>\n\t\t\t\t\t<\/div>\n\t\t<\/section>\n\t\t\t\t<section class=\"elementor-section elementor-top-section elementor-element elementor-element-6e496f51 elementor-reverse-mobile elementor-section-boxed elementor-section-height-default elementor-section-height-default\" data-id=\"6e496f51\" data-element_type=\"section\" data-settings=\"{&quot;background_background&quot;:&quot;classic&quot;}\">\n\t\t\t\t\t\t<div class=\"elementor-container elementor-column-gap-default\">\n\t\t\t\t\t<div class=\"elementor-column elementor-col-50 elementor-top-column elementor-element elementor-element-435c2dc8\" data-id=\"435c2dc8\" data-element_type=\"column\">\n\t\t\t<div class=\"elementor-widget-wrap elementor-element-populated\">\n\t\t\t\t\t\t<div class=\"elementor-element elementor-element-6d0d0120 elementor-widget elementor-widget-heading\" data-id=\"6d0d0120\" data-element_type=\"widget\" data-widget_type=\"heading.default\">\n\t\t\t\t<div class=\"elementor-widget-container\">\n\t\t\t\t\t<p class=\"elementor-heading-title elementor-size-default\">Treeclix Installationsanleitung f\u00fcr Sattler<\/p>\t\t\t\t<\/div>\n\t\t\t\t<\/div>\n\t\t\t\t<div class=\"elementor-element elementor-element-70fcb788 elementor-widget elementor-widget-text-editor\" data-id=\"70fcb788\" data-element_type=\"widget\" data-widget_type=\"text-editor.default\">\n\t\t\t\t<div class=\"elementor-widget-container\">\n\t\t\t\t\t\t\t\t\t<p>In diesem Lehrvideo erfahren Sie Schritt f\u00fcr Schritt, wie Sie als Sattler das innovative TreeClix-System an S\u00e4tteln anbringen k\u00f6nnen. Das TreeClix System wurde entwickelt, um Sattler dabei zu unterst\u00fctzen, S\u00e4ttel effizienter und genauer f\u00fcr verschiedene Pferde einzustellen. <\/p>\n<p>Das Video bietet detaillierte Erkl\u00e4rungen zum Installationsprozess. Es enth\u00e4lt Nahaufnahmen und klare Anweisungen, die den Betrachter durch jede Aktion f\u00fchren. Dar\u00fcber hinaus werden die einzelnen Komponenten des TreeClix Systems vorgestellt, und es wird gezeigt, wie sie korrekt auf dem Sattel montiert werden, was Teil der Videoanleitung ist.  <\/p>\t\t\t\t\t\t\t\t<\/div>\n\t\t\t\t<\/div>\n\t\t\t\t\t<\/div>\n\t\t<\/div>\n\t\t\t\t<div class=\"elementor-column elementor-col-50 elementor-top-column elementor-element elementor-element-6222e43\" data-id=\"6222e43\" data-element_type=\"column\">\n\t\t\t<div class=\"elementor-widget-wrap elementor-element-populated\">\n\t\t\t\t\t\t<div class=\"elementor-element elementor-element-5423d19c elementor-widget elementor-widget-video\" data-id=\"5423d19c\" data-element_type=\"widget\" data-settings=\"{&quot;youtube_url&quot;:&quot;https:\\\/\\\/youtu.be\\\/panvLWtBmcw?si=43fNrGrQOxXH2HIL&quot;,&quot;video_type&quot;:&quot;youtube&quot;,&quot;controls&quot;:&quot;yes&quot;}\" data-widget_type=\"video.default\">\n\t\t\t\t<div class=\"elementor-widget-container\">\n\t\t\t\t\t\t\t<div class=\"elementor-wrapper elementor-open-inline\">\n\t\t\t<div class=\"elementor-video\"><\/div>\t\t<\/div>\n\t\t\t\t\t\t<\/div>\n\t\t\t\t<\/div>\n\t\t\t\t\t<\/div>\n\t\t<\/div>\n\t\t\t\t\t<\/div>\n\t\t<\/section>\n\t\t\t\t<section class=\"elementor-section elementor-top-section elementor-element elementor-element-691f2f15 elementor-section-boxed elementor-section-height-default elementor-section-height-default\" data-id=\"691f2f15\" data-element_type=\"section\" data-settings=\"{&quot;background_background&quot;:&quot;classic&quot;}\">\n\t\t\t\t\t\t<div class=\"elementor-container elementor-column-gap-default\">\n\t\t\t\t\t<div class=\"elementor-column elementor-col-66 elementor-top-column elementor-element elementor-element-50f29273\" data-id=\"50f29273\" data-element_type=\"column\">\n\t\t\t<div class=\"elementor-widget-wrap elementor-element-populated\">\n\t\t\t\t\t\t<div class=\"elementor-element elementor-element-3ec716a4 elementor-widget elementor-widget-heading\" data-id=\"3ec716a4\" data-element_type=\"widget\" data-widget_type=\"heading.default\">\n\t\t\t\t<div class=\"elementor-widget-container\">\n\t\t\t\t\t<p class=\"elementor-heading-title elementor-size-default\">Handbuch und Verkaufspreise<\/p>\t\t\t\t<\/div>\n\t\t\t\t<\/div>\n\t\t\t\t<div class=\"elementor-element elementor-element-5a8a3f99 elementor-widget elementor-widget-text-editor\" data-id=\"5a8a3f99\" data-element_type=\"widget\" data-widget_type=\"text-editor.default\">\n\t\t\t\t<div class=\"elementor-widget-container\">\n\t\t\t\t\t\t\t\t\t<p>M\u00f6chten Sie mehr \u00fcber die Preise erfahren oder ben\u00f6tigen Sie eine Kurzanleitung f\u00fcr die Installation des TreeClix Systems? Hier finden Sie unsere Preise und die Anleitung. <\/p>\t\t\t\t\t\t\t\t<\/div>\n\t\t\t\t<\/div>\n\t\t\t\t<div class=\"elementor-element elementor-element-170ae0e1 elementor-align-left elementor-mobile-align-left icon-button elementor-widget elementor-widget-button\" data-id=\"170ae0e1\" data-element_type=\"widget\" data-widget_type=\"button.default\">\n\t\t\t\t<div class=\"elementor-widget-container\">\n\t\t\t\t\t\t\t\t\t<div class=\"elementor-button-wrapper\">\n\t\t\t\t\t<a class=\"elementor-button elementor-button-link elementor-size-sm\" href=\"https:\/\/shop.treeclix.com\/wp-content\/uploads\/2025\/09\/TC-Quick-start-guide-3.pdf\" target=\"_blank\">\n\t\t\t\t\t\t<span class=\"elementor-button-content-wrapper\">\n\t\t\t\t\t\t<span class=\"elementor-button-icon\">\n\t\t\t\t<svg aria-hidden=\"true\" class=\"e-font-icon-svg e-fas-long-arrow-alt-right\" viewBox=\"0 0 448 512\" xmlns=\"http:\/\/www.w3.org\/2000\/svg\"><path d=\"M313.941 216H12c-6.627 0-12 5.373-12 12v56c0 6.627 5.373 12 12 12h301.941v46.059c0 21.382 25.851 32.09 40.971 16.971l86.059-86.059c9.373-9.373 9.373-24.569 0-33.941l-86.059-86.059c-15.119-15.119-40.971-4.411-40.971 16.971V216z\"><\/path><\/svg>\t\t\t<\/span>\n\t\t\t\t\t\t\t\t\t<span class=\"elementor-button-text\">Quick Start Guide herunterladen<\/span>\n\t\t\t\t\t<\/span>\n\t\t\t\t\t<\/a>\n\t\t\t\t<\/div>\n\t\t\t\t\t\t\t\t<\/div>\n\t\t\t\t<\/div>\n\t\t\t\t<div class=\"elementor-element elementor-element-7e0035c8 elementor-align-left elementor-mobile-align-left elementor-widget-mobile__width-inherit icon-button elementor-widget elementor-widget-button\" data-id=\"7e0035c8\" data-element_type=\"widget\" data-widget_type=\"button.default\">\n\t\t\t\t<div class=\"elementor-widget-container\">\n\t\t\t\t\t\t\t\t\t<div class=\"elementor-button-wrapper\">\n\t\t\t\t\t<a class=\"elementor-button elementor-button-link elementor-size-sm\" href=\"https:\/\/shop.treeclix.com\/wp-content\/uploads\/2026\/01\/TC-pricelist-Retail.pdf\" target=\"_blank\">\n\t\t\t\t\t\t<span class=\"elementor-button-content-wrapper\">\n\t\t\t\t\t\t<span class=\"elementor-button-icon\">\n\t\t\t\t<svg aria-hidden=\"true\" class=\"e-font-icon-svg e-fas-long-arrow-alt-right\" viewBox=\"0 0 448 512\" xmlns=\"http:\/\/www.w3.org\/2000\/svg\"><path d=\"M313.941 216H12c-6.627 0-12 5.373-12 12v56c0 6.627 5.373 12 12 12h301.941v46.059c0 21.382 25.851 32.09 40.971 16.971l86.059-86.059c9.373-9.373 9.373-24.569 0-33.941l-86.059-86.059c-15.119-15.119-40.971-4.411-40.971 16.971V216z\"><\/path><\/svg>\t\t\t<\/span>\n\t\t\t\t\t\t\t\t\t<span class=\"elementor-button-text\">Preisliste f\u00fcr den Einzelhandel herunterladen<\/span>\n\t\t\t\t\t<\/span>\n\t\t\t\t\t<\/a>\n\t\t\t\t<\/div>\n\t\t\t\t\t\t\t\t<\/div>\n\t\t\t\t<\/div>\n\t\t\t\t\t<\/div>\n\t\t<\/div>\n\t\t\t\t<div class=\"elementor-column elementor-col-33 elementor-top-column elementor-element elementor-element-46e004e3 elementor-hidden-tablet elementor-hidden-mobile\" data-id=\"46e004e3\" data-element_type=\"column\">\n\t\t\t<div class=\"elementor-widget-wrap\">\n\t\t\t\t\t\t\t<\/div>\n\t\t<\/div>\n\t\t\t\t\t<\/div>\n\t\t<\/section>\n\t\t\t\t<section class=\"elementor-section elementor-top-section elementor-element elementor-element-1f9eaa9f elementor-reverse-mobile elementor-section-boxed elementor-section-height-default elementor-section-height-default\" data-id=\"1f9eaa9f\" data-element_type=\"section\" data-settings=\"{&quot;background_background&quot;:&quot;classic&quot;}\">\n\t\t\t\t\t\t<div class=\"elementor-container elementor-column-gap-default\">\n\t\t\t\t\t<div class=\"elementor-column elementor-col-50 elementor-top-column elementor-element elementor-element-3e225372\" data-id=\"3e225372\" data-element_type=\"column\">\n\t\t\t<div class=\"elementor-widget-wrap elementor-element-populated\">\n\t\t\t\t\t\t<div class=\"elementor-element elementor-element-1478efa0 elementor-widget elementor-widget-heading\" data-id=\"1478efa0\" data-element_type=\"widget\" data-widget_type=\"heading.default\">\n\t\t\t\t<div class=\"elementor-widget-container\">\n\t\t\t\t\t<p class=\"elementor-heading-title elementor-size-default\">Informieren Sie Ihre Kunden \u00fcber TreeClix<\/p>\t\t\t\t<\/div>\n\t\t\t\t<\/div>\n\t\t\t\t<div class=\"elementor-element elementor-element-3aee4f43 elementor-widget elementor-widget-text-editor\" data-id=\"3aee4f43\" data-element_type=\"widget\" data-widget_type=\"text-editor.default\">\n\t\t\t\t<div class=\"elementor-widget-container\">\n\t\t\t\t\t\t\t\t\t<p>Wir k\u00f6nnen uns vorstellen, dass Sie Ihren Kunden gerne mitteilen m\u00f6chten, dass Sie TreeClix installieren, aber nicht so recht wissen, wo Sie anfangen sollen. Mit diesem Content-Kit erhalten Sie einen mundgerechten Text, den Sie in Ihre Website integrieren k\u00f6nnen, komplett mit Logos, Fotos und Schriftz\u00fcgen. <\/p>\n<p><span style=\"text-align: center;\">Sie k\u00f6nnen alles auf Ihren Computer herunterladen, indem Sie auf die Schaltfl\u00e4che unten klicken.&nbsp;<\/span><span style=\"text-align: center;\">Sie k\u00f6nnen sie gerne auf Ihrer Website oder in den sozialen Medien ver\u00f6ffentlichen. Nat\u00fcrlich unter Erw\u00e4hnung von TreeClix. <\/span><\/p>\n<p>Wir w\u00fcrden uns freuen, wenn Sie diese Informationen weitergeben. Auf zu einem professionelleren Gesch\u00e4ft und, was noch wichtiger ist: auf zu schmerzfreien Pferden. <\/p>\t\t\t\t\t\t\t\t<\/div>\n\t\t\t\t<\/div>\n\t\t\t\t<div class=\"elementor-element elementor-element-1aa1f587 elementor-align-left icon-button elementor-widget elementor-widget-button\" data-id=\"1aa1f587\" data-element_type=\"widget\" data-widget_type=\"button.default\">\n\t\t\t\t<div class=\"elementor-widget-container\">\n\t\t\t\t\t\t\t\t\t<div class=\"elementor-button-wrapper\">\n\t\t\t\t\t<a class=\"elementor-button elementor-button-link elementor-size-sm\" href=\"https:\/\/shop.treeclix.com\/wp-content\/uploads\/2024\/09\/TreeClix_Content_Kit_New.zip\" target=\"_blank\">\n\t\t\t\t\t\t<span class=\"elementor-button-content-wrapper\">\n\t\t\t\t\t\t<span class=\"elementor-button-icon\">\n\t\t\t\t<svg aria-hidden=\"true\" class=\"e-font-icon-svg e-fas-long-arrow-alt-right\" viewBox=\"0 0 448 512\" xmlns=\"http:\/\/www.w3.org\/2000\/svg\"><path d=\"M313.941 216H12c-6.627 0-12 5.373-12 12v56c0 6.627 5.373 12 12 12h301.941v46.059c0 21.382 25.851 32.09 40.971 16.971l86.059-86.059c9.373-9.373 9.373-24.569 0-33.941l-86.059-86.059c-15.119-15.119-40.971-4.411-40.971 16.971V216z\"><\/path><\/svg>\t\t\t<\/span>\n\t\t\t\t\t\t\t\t\t<span class=\"elementor-button-text\">Website Content Kit<\/span>\n\t\t\t\t\t<\/span>\n\t\t\t\t\t<\/a>\n\t\t\t\t<\/div>\n\t\t\t\t\t\t\t\t<\/div>\n\t\t\t\t<\/div>\n\t\t\t\t\t<\/div>\n\t\t<\/div>\n\t\t\t\t<div class=\"elementor-column elementor-col-50 elementor-top-column elementor-element elementor-element-351a3725\" data-id=\"351a3725\" data-element_type=\"column\">\n\t\t\t<div class=\"elementor-widget-wrap elementor-element-populated\">\n\t\t\t\t\t\t<div class=\"elementor-element elementor-element-74a293d2 elementor-widget elementor-widget-image\" data-id=\"74a293d2\" data-element_type=\"widget\" data-widget_type=\"image.default\">\n\t\t\t\t<div class=\"elementor-widget-container\">\n\t\t\t\t\t\t\t\t\t\t\t\t\t\t\t<img decoding=\"async\" width=\"800\" height=\"534\" src=\"https:\/\/shop.treeclix.com\/wp-content\/uploads\/2024\/09\/website-1024x683.png\" class=\"attachment-large size-large wp-image-4914\" alt=\"\" srcset=\"https:\/\/shop.treeclix.com\/wp-content\/uploads\/2024\/09\/website-1024x683.png 1024w, https:\/\/shop.treeclix.com\/wp-content\/uploads\/2024\/09\/website-300x200.png 300w, https:\/\/shop.treeclix.com\/wp-content\/uploads\/2024\/09\/website-768x512.png 768w, https:\/\/shop.treeclix.com\/wp-content\/uploads\/2024\/09\/website-600x400.png 600w, https:\/\/shop.treeclix.com\/wp-content\/uploads\/2024\/09\/website.png 1200w\" sizes=\"(max-width: 800px) 100vw, 800px\" \/>\t\t\t\t\t\t\t\t\t\t\t\t\t\t\t<\/div>\n\t\t\t\t<\/div>\n\t\t\t\t\t<\/div>\n\t\t<\/div>\n\t\t\t\t\t<\/div>\n\t\t<\/section>\n\t\t\t\t<section class=\"elementor-section elementor-top-section elementor-element elementor-element-29706f85 elementor-section-height-min-height elementor-section-boxed elementor-section-height-default elementor-section-items-middle\" data-id=\"29706f85\" data-element_type=\"section\" data-settings=\"{&quot;background_background&quot;:&quot;classic&quot;}\">\n\t\t\t\t\t\t\t<div class=\"elementor-background-overlay\"><\/div>\n\t\t\t\t\t\t\t<div class=\"elementor-container elementor-column-gap-default\">\n\t\t\t\t\t<div class=\"elementor-column elementor-col-100 elementor-top-column elementor-element elementor-element-cd8ec49\" data-id=\"cd8ec49\" data-element_type=\"column\">\n\t\t\t<div class=\"elementor-widget-wrap elementor-element-populated\">\n\t\t\t\t\t\t<div class=\"elementor-element elementor-element-d5b0136 elementor-widget elementor-widget-heading\" data-id=\"d5b0136\" data-element_type=\"widget\" data-widget_type=\"heading.default\">\n\t\t\t\t<div class=\"elementor-widget-container\">\n\t\t\t\t\t<h1 class=\"elementor-heading-title elementor-size-default\">Hinterlassen Sie eine Bewertung<\/h1>\t\t\t\t<\/div>\n\t\t\t\t<\/div>\n\t\t\t\t\t<\/div>\n\t\t<\/div>\n\t\t\t\t\t<\/div>\n\t\t<\/section>\n\t\t\t\t<section class=\"elementor-section elementor-top-section elementor-element elementor-element-6775a374 elementor-reverse-mobile elementor-section-boxed elementor-section-height-default elementor-section-height-default\" data-id=\"6775a374\" data-element_type=\"section\" data-settings=\"{&quot;background_background&quot;:&quot;classic&quot;}\">\n\t\t\t\t\t\t<div class=\"elementor-container elementor-column-gap-default\">\n\t\t\t\t\t<div class=\"elementor-column elementor-col-100 elementor-top-column elementor-element elementor-element-48a36811\" data-id=\"48a36811\" data-element_type=\"column\">\n\t\t\t<div class=\"elementor-widget-wrap elementor-element-populated\">\n\t\t\t\t\t\t<div class=\"elementor-element elementor-element-cbd3aea elementor-widget elementor-widget-heading\" data-id=\"cbd3aea\" data-element_type=\"widget\" data-widget_type=\"heading.default\">\n\t\t\t\t<div class=\"elementor-widget-container\">\n\t\t\t\t\t<p class=\"elementor-heading-title elementor-size-default\">Hinterlassen Sie eine Bewertung<\/p>\t\t\t\t<\/div>\n\t\t\t\t<\/div>\n\t\t\t\t<div class=\"elementor-element elementor-element-66e20594 elementor-widget elementor-widget-text-editor\" data-id=\"66e20594\" data-element_type=\"widget\" data-widget_type=\"text-editor.default\">\n\t\t\t\t<div class=\"elementor-widget-container\">\n\t\t\t\t\t\t\t\t\t<p style=\"text-align: left;\">Ihre Meinung ist wichtig, gemeinsam werden wir erfolgreich sein. Daran glauben wir bei TreeClix fest. Um unser Produkt noch besser an Sie anpassen zu k\u00f6nnen, w\u00fcrden wir gerne h\u00f6ren, was Ihnen unser System bisher gebracht hat.  <\/p>\t\t\t\t\t\t\t\t<\/div>\n\t\t\t\t<\/div>\n\t\t\t\t<div class=\"elementor-element elementor-element-19d8db97 elementor-align-left elementor-widget elementor-widget-button\" data-id=\"19d8db97\" data-element_type=\"widget\" data-widget_type=\"button.default\">\n\t\t\t\t<div class=\"elementor-widget-container\">\n\t\t\t\t\t\t\t\t\t<div class=\"elementor-button-wrapper\">\n\t\t\t\t\t<a class=\"elementor-button elementor-button-link elementor-size-sm\" href=\"https:\/\/g.page\/r\/CfU1awXVBhThEAI\/review\" target=\"_blank\">\n\t\t\t\t\t\t<span class=\"elementor-button-content-wrapper\">\n\t\t\t\t\t\t\t\t\t<span class=\"elementor-button-text\">\u2605\u2605\u2605\u2605\u2605<\/span>\n\t\t\t\t\t<\/span>\n\t\t\t\t\t<\/a>\n\t\t\t\t<\/div>\n\t\t\t\t\t\t\t\t<\/div>\n\t\t\t\t<\/div>\n\t\t\t\t<div class=\"elementor-element elementor-element-78ece994 elementor-align-left icon-button elementor-widget elementor-widget-button\" data-id=\"78ece994\" data-element_type=\"widget\" data-widget_type=\"button.default\">\n\t\t\t\t<div class=\"elementor-widget-container\">\n\t\t\t\t\t\t\t\t\t<div class=\"elementor-button-wrapper\">\n\t\t\t\t\t<a class=\"elementor-button elementor-button-link elementor-size-sm\" href=\"https:\/\/g.co\/kgs\/CZUJhjU\" target=\"_blank\">\n\t\t\t\t\t\t<span class=\"elementor-button-content-wrapper\">\n\t\t\t\t\t\t<span class=\"elementor-button-icon\">\n\t\t\t\t<svg aria-hidden=\"true\" class=\"e-font-icon-svg e-fas-long-arrow-alt-right\" viewBox=\"0 0 448 512\" xmlns=\"http:\/\/www.w3.org\/2000\/svg\"><path d=\"M313.941 216H12c-6.627 0-12 5.373-12 12v56c0 6.627 5.373 12 12 12h301.941v46.059c0 21.382 25.851 32.09 40.971 16.971l86.059-86.059c9.373-9.373 9.373-24.569 0-33.941l-86.059-86.059c-15.119-15.119-40.971-4.411-40.971 16.971V216z\"><\/path><\/svg>\t\t\t<\/span>\n\t\t\t\t\t\t\t\t\t<span class=\"elementor-button-text\">Hinterlassen Sie uns eine Bewertung auf Google<\/span>\n\t\t\t\t\t<\/span>\n\t\t\t\t\t<\/a>\n\t\t\t\t<\/div>\n\t\t\t\t\t\t\t\t<\/div>\n\t\t\t\t<\/div>\n\t\t\t\t\t<\/div>\n\t\t<\/div>\n\t\t\t\t\t<\/div>\n\t\t<\/section>\n\t\t\t\t<\/div>\n\t\t","protected":false},"excerpt":{"rendered":"<p>Punktgenaue Anpassung, jede Beratung Willkommen! TreeClix erm\u00f6glicht es Sattlern, die Breite eines Sattelbaums endlos zu verstellen, bis zu drei Gr\u00f6\u00dfen. Kein erh\u00f6htes Risiko mehr f\u00fcr gebrochene Nieten und Kopfeisen durch das Hinein- oder Hinausdr\u00fccken des Baums. Mit nur einem &#8220;Klick&#8221; k\u00f6nnen Sie den Baum perfekt an den aktuellen Zustand des Pferdes anpassen. Als Sattelanpasser wird [&hellip;]<\/p>\n","protected":false},"author":1,"featured_media":0,"parent":0,"menu_order":0,"comment_status":"closed","ping_status":"closed","template":"elementor_header_footer","meta":{"_jf_save_progress":"","footnotes":""},"class_list":["post-5062","page","type-page","status-publish","hentry"],"_links":{"self":[{"href":"https:\/\/shop.treeclix.com\/de\/wp-json\/wp\/v2\/pages\/5062","targetHints":{"allow":["GET"]}}],"collection":[{"href":"https:\/\/shop.treeclix.com\/de\/wp-json\/wp\/v2\/pages"}],"about":[{"href":"https:\/\/shop.treeclix.com\/de\/wp-json\/wp\/v2\/types\/page"}],"author":[{"embeddable":true,"href":"https:\/\/shop.treeclix.com\/de\/wp-json\/wp\/v2\/users\/1"}],"replies":[{"embeddable":true,"href":"https:\/\/shop.treeclix.com\/de\/wp-json\/wp\/v2\/comments?post=5062"}],"version-history":[{"count":4,"href":"https:\/\/shop.treeclix.com\/de\/wp-json\/wp\/v2\/pages\/5062\/revisions"}],"predecessor-version":[{"id":7676,"href":"https:\/\/shop.treeclix.com\/de\/wp-json\/wp\/v2\/pages\/5062\/revisions\/7676"}],"wp:attachment":[{"href":"https:\/\/shop.treeclix.com\/de\/wp-json\/wp\/v2\/media?parent=5062"}],"curies":[{"name":"wp","href":"https:\/\/api.w.org\/{rel}","templated":true}]}}