{"id":5043,"date":"2024-09-23T14:36:49","date_gmt":"2024-09-23T14:36:49","guid":{"rendered":"https:\/\/shop.treeclix.com\/datenschutzbestimmungen\/"},"modified":"2026-02-11T13:54:38","modified_gmt":"2026-02-11T13:54:38","slug":"datenschutzbestimmungen","status":"publish","type":"page","link":"https:\/\/shop.treeclix.com\/de\/datenschutzbestimmungen\/","title":{"rendered":"Datenschutzbestimmungen"},"content":{"rendered":"\t\t<div data-elementor-type=\"wp-page\" data-elementor-id=\"5043\" class=\"elementor elementor-5043 elementor-3\" data-elementor-post-type=\"page\">\n\t\t\t\t\t\t<section class=\"elementor-section elementor-top-section elementor-element elementor-element-323fe9b2 elementor-section-boxed elementor-section-height-default elementor-section-height-default\" data-id=\"323fe9b2\" data-element_type=\"section\">\n\t\t\t\t\t\t<div class=\"elementor-container elementor-column-gap-default\">\n\t\t\t\t\t<div class=\"elementor-column elementor-col-100 elementor-top-column elementor-element elementor-element-11081362\" data-id=\"11081362\" data-element_type=\"column\">\n\t\t\t<div class=\"elementor-widget-wrap elementor-element-populated\">\n\t\t\t\t\t\t<div class=\"elementor-element elementor-element-3a5c33ac elementor-widget elementor-widget-heading\" data-id=\"3a5c33ac\" data-element_type=\"widget\" data-widget_type=\"heading.default\">\n\t\t\t\t<div class=\"elementor-widget-container\">\n\t\t\t\t\t<h2 class=\"elementor-heading-title elementor-size-default\">Datenschutzbestimmungen<\/h2>\t\t\t\t<\/div>\n\t\t\t\t<\/div>\n\t\t\t\t<div class=\"elementor-element elementor-element-38fc37fd elementor-widget-divider--view-line elementor-widget elementor-widget-divider\" data-id=\"38fc37fd\" data-element_type=\"widget\" data-widget_type=\"divider.default\">\n\t\t\t\t<div class=\"elementor-widget-container\">\n\t\t\t\t\t\t\t<div class=\"elementor-divider\">\n\t\t\t<span class=\"elementor-divider-separator\">\n\t\t\t\t\t\t<\/span>\n\t\t<\/div>\n\t\t\t\t\t\t<\/div>\n\t\t\t\t<\/div>\n\t\t\t\t<div class=\"elementor-element elementor-element-116ffcc6 elementor-widget elementor-widget-text-editor\" data-id=\"116ffcc6\" data-element_type=\"widget\" data-widget_type=\"text-editor.default\">\n\t\t\t\t<div class=\"elementor-widget-container\">\n\t\t\t\t\t\t\t\t\t<p><span style=\"color: #3e2723;\">TreeClix BV (Handelskammer 98729454) respektiert die Privatsph\u00e4re der Besucher seiner Website, insbesondere deren Rechte hinsichtlich der automatischen Verarbeitung personenbezogener Daten. Wir haben daher eine Richtlinie zur vollst\u00e4ndigen Transparenz gegen\u00fcber unseren Kunden hinsichtlich der Verarbeitung personenbezogener Daten, deren Zweck(e) und der M\u00f6glichkeit, Ihre gesetzlichen Rechte bestm\u00f6glich auszu\u00fcben, formuliert und umgesetzt. <\/span><\/p><p><span style=\"color: #3e2723;\">Wenn Sie weitere Informationen \u00fcber den Schutz personenbezogener Daten ben\u00f6tigen, besuchen Sie bitte die Website der niederl\u00e4ndischen Datenschutzbeh\u00f6rde (Autoriteit Persoonsgegevens)<\/span><br><a href=\"https:\/\/autoriteitpersoonsgegevens.nl\/nl\">https:\/\/autoriteitpersoonsgegevens.nl\/nl<\/a><\/p><p><span style=\"color: #3e2723;\">Solange Sie die Verwendung von Cookies und anderen Tracking-Systemen nicht akzeptieren, werden wir keine nicht-anonymisierten analytischen Cookies und\/oder Tracking-Cookies auf Ihrem Computer, Mobiltelefon oder Tablet platzieren. Mit dem weiteren Besuch dieser Website akzeptieren Sie diese Nutzungsbedingungen und stimmen der Verwendung von Cookies und anderen Tracking-Systemen zu, es sei denn, wir haben auf unserer Website eine andere Methode zur Annahme von Cookies vorgesehen. <\/span><\/p><p><span style=\"color: #3e2723;\">Die aktuell verf\u00fcgbare Version dieser Datenschutzrichtlinie ist die einzige Version, die beim Besuch unserer Website gilt, bis eine neue Version die aktuelle Version ersetzt.<\/span><\/p><p><span style=\"color: #3e2723;\"> <\/span><\/p><p><span style=\"color: #3e2723;\"><strong>Artikel 1 &#8211; Definitionen<\/strong><\/span><\/p><p> <span style=\"color: #3e2723;\"> Website (im Folgenden: &#8220;Website&#8221;)<\/span><br><span style=\"color: #3e2723;\"><a style=\"color: #3e2723;\" href=\"https:\/\/shop.treeclix.com\/de\/\">www.shop.treeclix.com<\/a><\/span><\/p><p><span style=\"color: #3e2723;\">Verantwortlicher f\u00fcr die Verarbeitung personenbezogener Daten (im Folgenden: \u201eder Verantwortliche\u201c): TreeClix, Onderweg 11, 4247 EJ Kedichem, Niederlande, Handelskammer-Nummer: 98729454.<\/span><\/p><p><span style=\"color: #3e2723;\"> <\/span><\/p><p><span style=\"color: #3e2723;\"><strong>Artikel 2 &#8211; Zugang zur Website<\/strong><\/span><\/p><p><span style=\"color: #3e2723;\">Der Zugang zu und die Nutzung der Website sind streng pers\u00f6nlich. Sie werden es unterlassen, die Daten und Informationen dieser Website f\u00fcr eigene kommerzielle, politische oder werbliche Zwecke sowie f\u00fcr kommerzielle Angebote, insbesondere unaufgeforderte elektronische Angebote, zu nutzen. <\/span><\/p><p><span style=\"color: #3e2723;\"> <\/span><\/p><p><span style=\"color: #3e2723;\"><strong>Artikel 3 &#8211; Inhalt der Website<\/strong><\/span><\/p><p><span style=\"color: #3e2723;\">Alle Marken, Bilder, Texte, Kommentare, Illustrationen, (animierten) Bilder, Videobilder, T\u00f6ne und alle technischen Anwendungen, die f\u00fcr den Betrieb dieser Website verwendet werden k\u00f6nnen, sowie ganz allgemein alle auf dieser Website verwendeten Komponenten sind durch die Gesetze \u00fcber geistiges Eigentum gesch\u00fctzt. Jegliche Reproduktion, Wiederholung, Nutzung oder Ver\u00e4nderung, gleich welcher Art, der gesamten Website oder von Teilen davon, einschlie\u00dflich der technischen Anwendungen, ist ohne vorherige schriftliche Genehmigung des f\u00fcr die Verarbeitung Verantwortlichen strengstens untersagt. Die Tatsache, dass der f\u00fcr die Verarbeitung Verantwortliche keine unmittelbaren Ma\u00dfnahmen gegen Verst\u00f6\u00dfe ergreift, kann weder als taktische Zustimmung noch als Verzicht auf die Verfolgung des Rechtsverletzers angesehen werden.  <\/span><\/p><p><span style=\"color: #3e2723;\"> <\/span><\/p><p><span style=\"color: #3e2723;\"><strong>Artikel 4 &#8211; Verwaltung der Website<\/strong><\/span><\/p><p><span style=\"color: #3e2723;\">Zum Zwecke der ordnungsgem\u00e4\u00dfen Verwaltung der Website kann der Controller jederzeit:<\/span><\/p><ul><li><span style=\"color: #3e2723;\">den Zugang zur Website f\u00fcr eine bestimmte Kategorie von Besuchern auszusetzen, zu unterbrechen, zu reduzieren oder zu verweigern.<\/span><\/li><li><span style=\"color: #3e2723;\">L\u00f6schen Sie alle Informationen, die das Funktionieren der Website st\u00f6ren, gegen nationale oder internationale Gesetze versto\u00dfen oder der Internet-Etikette zuwiderlaufen.<\/span><\/li><li><span style=\"color: #3e2723;\">Machen Sie die Website vor\u00fcbergehend nicht verf\u00fcgbar, um Aktualisierungen durchzuf\u00fchren.<\/span><\/li><\/ul><p><span style=\"color: #3e2723;\"> <\/span><\/p><p><span style=\"color: #3e2723;\"><strong>Artikel 5- Zust\u00e4ndigkeiten<\/strong><\/span><\/p><ol><li><span style=\"color: #3e2723;\">Der Controller haftet nicht f\u00fcr Ausf\u00e4lle, St\u00f6rungen, Schwierigkeiten oder Unterbrechungen in der Funktionsweise der Website, die die (vor\u00fcbergehende) Unzug\u00e4nglichkeit der Website oder einer ihrer Funktionen verursachen. Sie selbst sind f\u00fcr die Art und Weise verantwortlich, wie Sie eine Verbindung zu unserer Website herstellen. Sie m\u00fcssen alle geeigneten Ma\u00dfnahmen ergreifen, um Ihre Ger\u00e4te und Daten vor Gefahren wie Virenangriffen im Internet zu sch\u00fctzen. Au\u00dferdem sind Sie selbst daf\u00fcr verantwortlich, welche Websites Sie besuchen und welche Informationen Sie suchen.   <\/span><\/li><li><span style=\"color: #3e2723;\">Der f\u00fcr die Verarbeitung Verantwortliche haftet nicht f\u00fcr etwaige rechtliche Schritte gegen Sie:<\/span><\/li><\/ol><ul><li><span style=\"color: #3e2723;\">Aufgrund der Nutzung der Website oder der \u00fcber das Internet zug\u00e4nglichen Dienste.<\/span><\/li><li><span style=\"color: #3e2723;\">F\u00fcr einen Versto\u00df gegen die Bedingungen dieser Datenschutzrichtlinie.<\/span><\/li><\/ul><ol start=\"3\"><li><span style=\"color: #3e2723;\">Der Controller haftet nicht f\u00fcr Sch\u00e4den, die Ihnen oder Dritten oder Ihrer Ausr\u00fcstung infolge Ihrer Verbindung zur Nutzung der Website entstehen, und Sie werden von allen nachfolgenden (rechtlichen) Ma\u00dfnahmen gegen den Controller absehen.<\/span><\/li><li><span style=\"color: #3e2723;\">Wenn der f\u00fcr die Verarbeitung Verantwortliche in einen Rechtsstreit aufgrund Ihrer (missbr\u00e4uchlichen) Nutzung dieser Website verwickelt wird, ist er berechtigt, alle nachfolgenden Sch\u00e4den von Ihnen (zur\u00fcck-)zu fordern.<\/span><\/li><\/ol><p><span style=\"color: #3e2723;\"> <\/span><\/p><p><span style=\"color: #3e2723;\"><strong>Artikel 6- Erhebung von Daten<\/strong><\/span><\/p><ol><li><span style=\"color: #3e2723;\">Ihre personenbezogenen Daten werden von TreeClix und einem oder mehreren externen Auftragsverarbeitern erfasst.<\/span><\/li><li><span style=\"color: #3e2723;\">Personenbezogene Daten sind alle Informationen, die sich auf eine identifizierte oder identifizierbare nat\u00fcrliche Person (&#8220;betroffene Person&#8221;) beziehen.<\/span><\/li><li><span style=\"color: #3e2723;\">Eine identifizierbare nat\u00fcrliche Person ist eine Person, die direkt oder indirekt identifiziert werden kann, insbesondere durch Zuordnung zu einer Kennung wie einem Namen, zu einer Kennnummer, zu Standortdaten, zu einer Online-Kennung oder zu einem oder mehreren besonderen Merkmalen, die Ausdruck der physischen, physiologischen, genetischen, psychischen, wirtschaftlichen, kulturellen oder sozialen Identit\u00e4t dieser nat\u00fcrlichen Person sind.<\/span><\/li><li><span style=\"color: #3e2723;\">Die pers\u00f6nlichen Daten, die auf der Website gesammelt werden, werden haupts\u00e4chlich vom Sammler verwendet, um eine (kommerzielle) Beziehung mit Ihnen zu unterhalten und um Ihre Bestellungen zu bearbeiten. Sie werden in einem (elektronischen) Register gespeichert. <\/span><\/li><\/ol><p><span style=\"color: #3e2723;\"> <\/span><\/p><p><span style=\"color: #3e2723;\"><strong>Artikel 7- Ihr Recht auf Information<\/strong><\/span><\/p><ol><li><span style=\"color: #3e2723;\">Gem\u00e4\u00df Artikel 13 Absatz 2 Buchstabe b DSGVO hat jede betroffene Person das Recht auf Information, Zugang, Berichtigung, L\u00f6schung und Einschr\u00e4nkung der Verarbeitung ihrer personenbezogenen Daten sowie das Recht, der Verarbeitung zu widersprechen und das Recht auf Daten\u00fcbertragbarkeit.<\/span><\/li><li><span style=\"color: #3e2723;\">Sie k\u00f6nnen diese Rechte aus\u00fcben, indem Sie uns kontaktieren unter <\/span><a href=\"mailto:info@shop.treeclix.com\">info@shop.treeclix.com<\/a><span style=\"color: #3e2723;\">.<\/span><\/li><li><span style=\"color: #3e2723;\">Jedem Antrag muss eine Kopie eines g\u00fcltigen Ausweises beigef\u00fcgt werden, auf dem Sie Ihre Unterschrift leisten und die Adresse angeben, unter der wir Sie erreichen k\u00f6nnen.<\/span><\/li><li><span style=\"color: #3e2723;\">Innerhalb eines Monats nach Einreichung des Antrags erhalten Sie von uns eine Antwort.<\/span><\/li><li><span style=\"color: #3e2723;\">Je nach Komplexit\u00e4t und Anzahl der Anfragen kann diese Frist auf zwei Monate verl\u00e4ngert werden.<\/span><\/li><\/ol><p><span style=\"color: #3e2723;\"> <\/span><\/p><p><span style=\"color: #3e2723;\"><strong>Artikel 8- Gesetzliche Verpflichtungen<\/strong><\/span><\/p><ol><li><span style=\"color: #3e2723;\">Im Falle eines Versto\u00dfes gegen eine gesetzliche Vorschrift, dessen ein Besucher verd\u00e4chtigt wird und f\u00fcr den die Beh\u00f6rden die vom Sammler gesammelten pers\u00f6nlichen Daten ben\u00f6tigen, werden diese nach einer ausdr\u00fccklichen und begr\u00fcndeten Anfrage dieser Beh\u00f6rden zur Verf\u00fcgung gestellt, nachdem die pers\u00f6nlichen Daten des Besuchers nicht mehr unter den Schutz der Bestimmungen dieser Datenschutzrichtlinie fallen.<\/span><\/li><li><span style=\"color: #3e2723;\">Wenn Informationen erforderlich sind, um Zugang zu bestimmten Funktionen der Website zu erhalten, wird der f\u00fcr die Verarbeitung Verantwortliche bei der Abfrage dieser Daten darauf hinweisen, dass diese Informationen obligatorisch sind.<\/span><\/li><\/ol><p><span style=\"color: #3e2723;\"> <\/span><\/p><p><span style=\"color: #3e2723;\"><strong>Artikel 9- Gesammelte Daten und kommerzielle Angebote<\/strong><\/span><\/p><ol><li><span style=\"color: #3e2723;\">Sie erhalten m\u00f6glicherweise kommerzielle Angebote von dem Sammler. Wenn Sie diese nicht (mehr) erhalten m\u00f6chten, senden Sie uns bitte eine E-Mail an die folgende Adresse:  <\/span><a href=\"mailto:info@shop.treeclix.com\">info@shop.treeclix.com<\/a><span style=\"color: #3e2723;\">.<\/span><\/li><li><span style=\"color: #3e2723;\">Ihre pers\u00f6nlichen Daten werden von unseren Partnern nicht f\u00fcr kommerzielle Zwecke verwendet.<\/span><\/li><li><span style=\"color: #3e2723;\">Wenn Sie beim Besuch unserer Website auf personenbezogene Daten einer der beiden betroffenen Personen sto\u00dfen, m\u00fcssen Sie von der Erfassung, der unbefugten Nutzung oder jeder anderen Handlung absehen, die eine Verletzung der Privatsph\u00e4re der betroffenen Person(en) darstellt. Der Sammler ist unter diesen Umst\u00e4nden nicht verantwortlich. <\/span><\/li><\/ol><p><span style=\"color: #3e2723;\"> <\/span><\/p><p><span style=\"color: #3e2723;\"><strong>Artikel 10- Aufbewahrung von Daten<\/strong><\/span><\/p><p><span style=\"color: #3e2723;\">Die gesammelten Daten werden f\u00fcr die gesetzlich festgelegte Dauer verwendet und gespeichert.<\/span><\/p><p><span style=\"color: #3e2723;\"> <\/span><\/p><p><span style=\"color: #3e2723;\"><strong>Artikel 11- Cookies<\/strong><\/span><\/p><ol><li><span style=\"color: #3e2723;\">Ein Cookie ist eine kleine Tekstdatei, die beim Besuch unserer Website auf der Festplatte Ihres elektronischen Ger\u00e4ts gespeichert wird. Ein Cookie enth\u00e4lt Daten, mit denen Sie als Besucher erkannt werden k\u00f6nnen, wenn Sie unsere Website besuchen. Wenn Sie unsere Website besuchen, informieren wir Sie \u00fcber die Verwendung dieser Cookies. Indem Sie unsere Website weiter nutzen, stimmen Sie ihrer Verwendung zu, es sei denn, wir bitten Sie auf anderem Wege um Erlaubnis. Ihre Zustimmung ist f\u00fcr einen Zeitraum von dreizehn Monaten g\u00fcltig.    <\/span><\/li><li><span style=\"color: #3e2723;\">Wir verwenden die folgenden Arten von Cookies auf unserer Website:  <\/span><p><span style=\"color: #3e2723;\">Funktionale Cookies: wie Sitzungs- und Anmeldecookies, um Sitzungs- und Anmeldeinformationen zu sammeln.<\/span><\/p><\/li><\/ol><p><span style=\"color: #3e2723;\">-Anonymisierte analytische Cookies: um Informationen \u00fcber die Besuche auf unserer Website zu erhalten, wie z.B. Besucherzahlen, beliebte Seiten und Themen. Auf diese Weise k\u00f6nnen wir unsere Kommunikation und Informationen an die Bed\u00fcrfnisse unserer Besucher anpassen. Wir k\u00f6nnen nicht sehen, wer unsere Seiten besucht hat oder von welchem pers\u00f6nlichen Ger\u00e4t aus dies geschehen ist.  <\/span><\/p><ol start=\"3\"><li><span style=\"color: #3e2723;\">Auf unserer Website verwenden wir insbesondere die folgenden Cookies:<br>Keine weiteren Cookies<\/span><\/li><\/ol><ol start=\"4\"><li><span style=\"color: #3e2723;\">Wenn Sie unsere Website besuchen, k\u00f6nnen Cookies des Controllers und\/oder von Dritten auf Ihrem Ger\u00e4t installiert werden.<\/span><\/li><li><span style=\"color: #3e2723;\">Weitere Informationen zur Verwendung, Verwaltung und L\u00f6schung von Cookies f\u00fcr jedes elektronische Ger\u00e4t finden Sie unter folgendem Link: <\/span><a href=\"https:\/\/authoriteitpersoonsgegevens.nl\/nl\/onderwerpen\/internet-telefoon-tv-en-post\/cookies#faq\">https:\/\/authoriteitpersoonsgegevens.nl\/nl\/onderwerpen\/internet-telefoon-tv-en-post\/cookies#faq<br><\/a><\/li><\/ol><p><span style=\"color: #3e2723;\"><strong>Artikel 12- Bildmaterial und angebotene Produkte<\/strong><\/span><\/p><p><span style=\"color: #3e2723;\">Sie k\u00f6nnen keine Rechte aus dem Bildmaterial ableiten, das zu einem auf unserer Website angebotenen Produkt geh\u00f6rt.<\/span><\/p><p><strong style=\"font-size: 14px; color: #3e2723;\">Artikel 13 &#8211; Anwendbares Recht<\/strong><\/p><p><span style=\"color: #3e2723;\">Diese Bedingungen unterliegen dem niederl\u00e4ndischen Recht. Das Gericht in dem Bezirk, in dem der Sammler seinen Gesch\u00e4ftssitz hat, ist der alleinige Gerichtsstand, wenn es zu Streitigkeiten bez\u00fcglich dieser Bedingungen kommt, es sei denn, es gilt eine gesetzliche Ausnahme. <\/span><\/p><p><span style=\"color: #3e2723;\"><strong>Artikel 14- Kontakt<\/strong><\/span><\/p><p><span style=\"color: #3e2723;\">F\u00fcr Fragen, Produktinformationen oder Informationen \u00fcber die Website selbst, wenden Sie sich bitte an:<br><\/span><span style=\"color: #3e2723;\">J.E. van der Leeden,<\/span> <a style=\"font-size: 14px;\" href=\"mailto:info@shop.treeclix.com\">info@shop.treeclix.com<\/a><\/p>\t\t\t\t\t\t\t\t<\/div>\n\t\t\t\t<\/div>\n\t\t\t\t\t<\/div>\n\t\t<\/div>\n\t\t\t\t\t<\/div>\n\t\t<\/section>\n\t\t\t\t<\/div>\n\t\t","protected":false},"excerpt":{"rendered":"<p>Datenschutzbestimmungen TreeClix BV (Handelskammer 98729454) respektiert die Privatsph\u00e4re der Besucher seiner Website, insbesondere deren Rechte hinsichtlich der automatischen Verarbeitung personenbezogener Daten. Wir haben daher eine Richtlinie zur vollst\u00e4ndigen Transparenz gegen\u00fcber unseren Kunden hinsichtlich der Verarbeitung personenbezogener Daten, deren Zweck(e) und der M\u00f6glichkeit, Ihre gesetzlichen Rechte bestm\u00f6glich auszu\u00fcben, formuliert und umgesetzt. Wenn Sie weitere Informationen \u00fcber [&hellip;]<\/p>\n","protected":false},"author":1,"featured_media":0,"parent":0,"menu_order":0,"comment_status":"closed","ping_status":"closed","template":"elementor_header_footer","meta":{"_jf_save_progress":"","footnotes":""},"class_list":["post-5043","page","type-page","status-publish","hentry"],"_links":{"self":[{"href":"https:\/\/shop.treeclix.com\/de\/wp-json\/wp\/v2\/pages\/5043","targetHints":{"allow":["GET"]}}],"collection":[{"href":"https:\/\/shop.treeclix.com\/de\/wp-json\/wp\/v2\/pages"}],"about":[{"href":"https:\/\/shop.treeclix.com\/de\/wp-json\/wp\/v2\/types\/page"}],"author":[{"embeddable":true,"href":"https:\/\/shop.treeclix.com\/de\/wp-json\/wp\/v2\/users\/1"}],"replies":[{"embeddable":true,"href":"https:\/\/shop.treeclix.com\/de\/wp-json\/wp\/v2\/comments?post=5043"}],"version-history":[{"count":3,"href":"https:\/\/shop.treeclix.com\/de\/wp-json\/wp\/v2\/pages\/5043\/revisions"}],"predecessor-version":[{"id":7801,"href":"https:\/\/shop.treeclix.com\/de\/wp-json\/wp\/v2\/pages\/5043\/revisions\/7801"}],"wp:attachment":[{"href":"https:\/\/shop.treeclix.com\/de\/wp-json\/wp\/v2\/media?parent=5043"}],"curies":[{"name":"wp","href":"https:\/\/api.w.org\/{rel}","templated":true}]}}